{"id":55100,"date":"2022-07-06T07:00:00","date_gmt":"2022-07-06T04:00:00","guid":{"rendered":"https:\/\/vmu.lt\/misko-kuopa\/"},"modified":"2024-06-19T09:58:59","modified_gmt":"2024-06-19T06:58:59","slug":"misko-kuopa","status":"publish","type":"page","link":"https:\/\/vmu.lt\/en\/misko-kuopa\/","title":{"rendered":"Home"},"content":{"rendered":"\n<p>The change in the legal status of the Lithuanian State Forest Enterprise is part of a consistent process of restructuring state-owned companies. Therefore, we have prepared for this step in advance: for almost a year, we have been informing the company\u2019s employees about the upcoming changes and discussing them internally. The management team has assessed the significance of this change to the company\u2019s operations, observed public reactions, and highly values the significant interest in this international obligation for Lithuania and the company.<\/p>\n\n\n\n<p><\/p>\n\n\n\n<p><\/p>\n\n\n\n<p><\/p>\n\n\n\n<p><\/p>\n\n\n\n<p><\/p>\n\n\n\n<p><\/p>\n\n\n\n<p><\/p>\n\n\n\n<p><\/p>\n\n\n\n<p><\/p>\n\n\n\n<p><\/p>\n\n\n\n<p><\/p>\n\n\n\n<p><\/p>\n","protected":false},"excerpt":{"rendered":"<p>The change in the legal status of the Lithuanian State Forest Enterprise is part of a consistent process of restructuring state-owned companies. Therefore, we have prepared for this step in advance: for almost a year, we have been informing the company\u2019s employees about the upcoming changes and discussing them internally. The management team has assessed [&hellip;]<\/p>\n","protected":false},"author":176,"featured_media":0,"parent":0,"menu_order":54,"comment_status":"closed","ping_status":"closed","template":"new-landing.php","meta":{"_acf_changed":false,"footnotes":""},"class_list":["post-55100","page","type-page","status-publish","hentry"],"acf":[],"yoast_head":"<!-- This site is optimized with the Yoast SEO plugin v26.7 - https:\/\/yoast.com\/wordpress\/plugins\/seo\/ -->\n<title>Home - Valstybini\u0173 mi\u0161k\u0173 ur\u0117dija<\/title>\n<meta name=\"description\" content=\"The change in the legal status of the Lithuanian State Forest Enterprise is part of a consistent process of restructuring state-owned companies. Therefore, we have prepared for this step in advance: for almost a year, we have been informing the company\u2019s employees about the upcoming changes and discussing them internally. The management team has assessed the significance of this change to the company\u2019s operations, observed public reactions, and highly values the significant interest in this international obligation for Lithuania and the company.\" \/>\n<meta name=\"robots\" content=\"index, follow, max-snippet:-1, max-image-preview:large, max-video-preview:-1\" \/>\n<link rel=\"canonical\" href=\"https:\/\/vmu.lt\/en\/misko-kuopa\/\" \/>\n<meta property=\"og:locale\" content=\"en_US\" \/>\n<meta property=\"og:type\" content=\"article\" \/>\n<meta property=\"og:title\" content=\"Home - Valstybini\u0173 mi\u0161k\u0173 ur\u0117dija\" \/>\n<meta property=\"og:description\" content=\"The change in the legal status of the Lithuanian State Forest Enterprise is part of a consistent process of restructuring state-owned companies. Therefore, we have prepared for this step in advance: for almost a year, we have been informing the company\u2019s employees about the upcoming changes and discussing them internally. The management team has assessed the significance of this change to the company\u2019s operations, observed public reactions, and highly values the significant interest in this international obligation for Lithuania and the company.\" \/>\n<meta property=\"og:url\" content=\"https:\/\/vmu.lt\/en\/misko-kuopa\/\" \/>\n<meta property=\"og:site_name\" content=\"Valstybini\u0173 mi\u0161k\u0173 ur\u0117dija\" \/>\n<meta property=\"article:modified_time\" content=\"2024-06-19T06:58:59+00:00\" \/>\n<meta name=\"twitter:card\" content=\"summary_large_image\" \/>\n<meta name=\"twitter:label1\" content=\"Est. reading time\" \/>\n\t<meta name=\"twitter:data1\" content=\"1 minute\" \/>\n<script type=\"application\/ld+json\" class=\"yoast-schema-graph\">{\"@context\":\"https:\/\/schema.org\",\"@graph\":[{\"@type\":\"WebPage\",\"@id\":\"https:\/\/vmu.lt\/en\/misko-kuopa\/\",\"url\":\"https:\/\/vmu.lt\/en\/misko-kuopa\/\",\"name\":\"Home - Valstybini\u0173 mi\u0161k\u0173 ur\u0117dija\",\"isPartOf\":{\"@id\":\"https:\/\/vmu.lt\/#website\"},\"datePublished\":\"2022-07-06T04:00:00+00:00\",\"dateModified\":\"2024-06-19T06:58:59+00:00\",\"description\":\"The change in the legal status of the Lithuanian State Forest Enterprise is part of a consistent process of restructuring state-owned companies. Therefore, we have prepared for this step in advance: for almost a year, we have been informing the company\u2019s employees about the upcoming changes and discussing them internally. The management team has assessed the significance of this change to the company\u2019s operations, observed public reactions, and highly values the significant interest in this international obligation for Lithuania and the company.\",\"inLanguage\":\"en-US\",\"potentialAction\":[{\"@type\":\"ReadAction\",\"target\":[\"https:\/\/vmu.lt\/en\/misko-kuopa\/\"]}]},{\"@type\":\"WebSite\",\"@id\":\"https:\/\/vmu.lt\/#website\",\"url\":\"https:\/\/vmu.lt\/\",\"name\":\"Valstybini\u0173 mi\u0161k\u0173 ur\u0117dija\",\"description\":\"\",\"publisher\":{\"@id\":\"https:\/\/vmu.lt\/#organization\"},\"potentialAction\":[{\"@type\":\"SearchAction\",\"target\":{\"@type\":\"EntryPoint\",\"urlTemplate\":\"https:\/\/vmu.lt\/?s={search_term_string}\"},\"query-input\":{\"@type\":\"PropertyValueSpecification\",\"valueRequired\":true,\"valueName\":\"search_term_string\"}}],\"inLanguage\":\"en-US\"},{\"@type\":\"Organization\",\"@id\":\"https:\/\/vmu.lt\/#organization\",\"name\":\"Valstybini\u0173 mi\u0161k\u0173 ur\u0117dija\",\"url\":\"https:\/\/vmu.lt\/\",\"logo\":{\"@type\":\"ImageObject\",\"inLanguage\":\"en-US\",\"@id\":\"https:\/\/vmu.lt\/#\/schema\/logo\/image\/\",\"url\":\"https:\/\/vmu.lt\/wp-content\/uploads\/2021\/05\/Logo.svg\",\"contentUrl\":\"https:\/\/vmu.lt\/wp-content\/uploads\/2021\/05\/Logo.svg\",\"width\":94,\"height\":44,\"caption\":\"Valstybini\u0173 mi\u0161k\u0173 ur\u0117dija\"},\"image\":{\"@id\":\"https:\/\/vmu.lt\/#\/schema\/logo\/image\/\"}}]}<\/script>\n<!-- \/ Yoast SEO plugin. -->","yoast_head_json":{"title":"Home - Valstybini\u0173 mi\u0161k\u0173 ur\u0117dija","description":"The change in the legal status of the Lithuanian State Forest Enterprise is part of a consistent process of restructuring state-owned companies. Therefore, we have prepared for this step in advance: for almost a year, we have been informing the company\u2019s employees about the upcoming changes and discussing them internally. The management team has assessed the significance of this change to the company\u2019s operations, observed public reactions, and highly values the significant interest in this international obligation for Lithuania and the company.","robots":{"index":"index","follow":"follow","max-snippet":"max-snippet:-1","max-image-preview":"max-image-preview:large","max-video-preview":"max-video-preview:-1"},"canonical":"https:\/\/vmu.lt\/en\/misko-kuopa\/","og_locale":"en_US","og_type":"article","og_title":"Home - Valstybini\u0173 mi\u0161k\u0173 ur\u0117dija","og_description":"The change in the legal status of the Lithuanian State Forest Enterprise is part of a consistent process of restructuring state-owned companies. Therefore, we have prepared for this step in advance: for almost a year, we have been informing the company\u2019s employees about the upcoming changes and discussing them internally. The management team has assessed the significance of this change to the company\u2019s operations, observed public reactions, and highly values the significant interest in this international obligation for Lithuania and the company.","og_url":"https:\/\/vmu.lt\/en\/misko-kuopa\/","og_site_name":"Valstybini\u0173 mi\u0161k\u0173 ur\u0117dija","article_modified_time":"2024-06-19T06:58:59+00:00","twitter_card":"summary_large_image","twitter_misc":{"Est. reading time":"1 minute"},"schema":{"@context":"https:\/\/schema.org","@graph":[{"@type":"WebPage","@id":"https:\/\/vmu.lt\/en\/misko-kuopa\/","url":"https:\/\/vmu.lt\/en\/misko-kuopa\/","name":"Home - Valstybini\u0173 mi\u0161k\u0173 ur\u0117dija","isPartOf":{"@id":"https:\/\/vmu.lt\/#website"},"datePublished":"2022-07-06T04:00:00+00:00","dateModified":"2024-06-19T06:58:59+00:00","description":"The change in the legal status of the Lithuanian State Forest Enterprise is part of a consistent process of restructuring state-owned companies. Therefore, we have prepared for this step in advance: for almost a year, we have been informing the company\u2019s employees about the upcoming changes and discussing them internally. The management team has assessed the significance of this change to the company\u2019s operations, observed public reactions, and highly values the significant interest in this international obligation for Lithuania and the company.","inLanguage":"en-US","potentialAction":[{"@type":"ReadAction","target":["https:\/\/vmu.lt\/en\/misko-kuopa\/"]}]},{"@type":"WebSite","@id":"https:\/\/vmu.lt\/#website","url":"https:\/\/vmu.lt\/","name":"Valstybini\u0173 mi\u0161k\u0173 ur\u0117dija","description":"","publisher":{"@id":"https:\/\/vmu.lt\/#organization"},"potentialAction":[{"@type":"SearchAction","target":{"@type":"EntryPoint","urlTemplate":"https:\/\/vmu.lt\/?s={search_term_string}"},"query-input":{"@type":"PropertyValueSpecification","valueRequired":true,"valueName":"search_term_string"}}],"inLanguage":"en-US"},{"@type":"Organization","@id":"https:\/\/vmu.lt\/#organization","name":"Valstybini\u0173 mi\u0161k\u0173 ur\u0117dija","url":"https:\/\/vmu.lt\/","logo":{"@type":"ImageObject","inLanguage":"en-US","@id":"https:\/\/vmu.lt\/#\/schema\/logo\/image\/","url":"https:\/\/vmu.lt\/wp-content\/uploads\/2021\/05\/Logo.svg","contentUrl":"https:\/\/vmu.lt\/wp-content\/uploads\/2021\/05\/Logo.svg","width":94,"height":44,"caption":"Valstybini\u0173 mi\u0161k\u0173 ur\u0117dija"},"image":{"@id":"https:\/\/vmu.lt\/#\/schema\/logo\/image\/"}}]}},"_links":{"self":[{"href":"https:\/\/vmu.lt\/en\/wp-json\/wp\/v2\/pages\/55100","targetHints":{"allow":["GET"]}}],"collection":[{"href":"https:\/\/vmu.lt\/en\/wp-json\/wp\/v2\/pages"}],"about":[{"href":"https:\/\/vmu.lt\/en\/wp-json\/wp\/v2\/types\/page"}],"author":[{"embeddable":true,"href":"https:\/\/vmu.lt\/en\/wp-json\/wp\/v2\/users\/176"}],"replies":[{"embeddable":true,"href":"https:\/\/vmu.lt\/en\/wp-json\/wp\/v2\/comments?post=55100"}],"version-history":[{"count":2,"href":"https:\/\/vmu.lt\/en\/wp-json\/wp\/v2\/pages\/55100\/revisions"}],"predecessor-version":[{"id":189139,"href":"https:\/\/vmu.lt\/en\/wp-json\/wp\/v2\/pages\/55100\/revisions\/189139"}],"wp:attachment":[{"href":"https:\/\/vmu.lt\/en\/wp-json\/wp\/v2\/media?parent=55100"}],"curies":[{"name":"wp","href":"https:\/\/api.w.org\/{rel}","templated":true}]}}