{"id":4341,"date":"2021-12-01T16:04:17","date_gmt":"2021-12-01T16:04:17","guid":{"rendered":"https:\/\/vmu.lt\/?page_id=4341"},"modified":"2022-04-01T11:38:14","modified_gmt":"2022-04-01T09:38:14","slug":"recreation-map","status":"publish","type":"page","link":"https:\/\/vmu.lt\/en\/forestry\/recreation-map\/","title":{"rendered":"Recreation <br \/> map"},"content":{"rendered":"","protected":false},"excerpt":{"rendered":"","protected":false},"author":176,"featured_media":417,"parent":195750,"menu_order":145,"comment_status":"closed","ping_status":"closed","template":"recreation.php","meta":{"_acf_changed":false,"footnotes":""},"class_list":["post-4341","page","type-page","status-publish","has-post-thumbnail","hentry"],"acf":[],"yoast_head":"<!-- This site is optimized with the Yoast SEO plugin v26.7 - https:\/\/yoast.com\/wordpress\/plugins\/seo\/ -->\n<title>Recreation  map - Valstybini\u0173 mi\u0161k\u0173 ur\u0117dija<\/title>\n<meta name=\"robots\" content=\"index, follow, max-snippet:-1, max-image-preview:large, max-video-preview:-1\" \/>\n<link rel=\"canonical\" href=\"https:\/\/vmu.lt\/en\/forestry\/recreation-map\/\" \/>\n<meta property=\"og:locale\" content=\"en_US\" \/>\n<meta property=\"og:type\" content=\"article\" \/>\n<meta property=\"og:title\" content=\"Recreation  map - Valstybini\u0173 mi\u0161k\u0173 ur\u0117dija\" \/>\n<meta property=\"og:url\" content=\"https:\/\/vmu.lt\/en\/forestry\/recreation-map\/\" \/>\n<meta property=\"og:site_name\" content=\"Valstybini\u0173 mi\u0161k\u0173 ur\u0117dija\" \/>\n<meta property=\"article:modified_time\" content=\"2022-04-01T09:38:14+00:00\" \/>\n<meta property=\"og:image\" content=\"https:\/\/vmu.lt\/wp-content\/uploads\/2021\/05\/REKREACIJA-scaled.jpg\" \/>\n\t<meta property=\"og:image:width\" content=\"2560\" \/>\n\t<meta property=\"og:image:height\" content=\"1600\" \/>\n\t<meta property=\"og:image:type\" content=\"image\/jpeg\" \/>\n<meta name=\"twitter:card\" content=\"summary_large_image\" \/>\n<script type=\"application\/ld+json\" class=\"yoast-schema-graph\">{\"@context\":\"https:\/\/schema.org\",\"@graph\":[{\"@type\":\"WebPage\",\"@id\":\"https:\/\/vmu.lt\/en\/forestry\/recreation-map\/\",\"url\":\"https:\/\/vmu.lt\/en\/forestry\/recreation-map\/\",\"name\":\"Recreation map - Valstybini\u0173 mi\u0161k\u0173 ur\u0117dija\",\"isPartOf\":{\"@id\":\"https:\/\/vmu.lt\/#website\"},\"primaryImageOfPage\":{\"@id\":\"https:\/\/vmu.lt\/en\/forestry\/recreation-map\/#primaryimage\"},\"image\":{\"@id\":\"https:\/\/vmu.lt\/en\/forestry\/recreation-map\/#primaryimage\"},\"thumbnailUrl\":\"https:\/\/vmu.lt\/wp-content\/uploads\/2021\/05\/REKREACIJA-scaled.jpg\",\"datePublished\":\"2021-12-01T16:04:17+00:00\",\"dateModified\":\"2022-04-01T09:38:14+00:00\",\"breadcrumb\":{\"@id\":\"https:\/\/vmu.lt\/en\/forestry\/recreation-map\/#breadcrumb\"},\"inLanguage\":\"en-US\",\"potentialAction\":[{\"@type\":\"ReadAction\",\"target\":[\"https:\/\/vmu.lt\/en\/forestry\/recreation-map\/\"]}]},{\"@type\":\"ImageObject\",\"inLanguage\":\"en-US\",\"@id\":\"https:\/\/vmu.lt\/en\/forestry\/recreation-map\/#primaryimage\",\"url\":\"https:\/\/vmu.lt\/wp-content\/uploads\/2021\/05\/REKREACIJA-scaled.jpg\",\"contentUrl\":\"https:\/\/vmu.lt\/wp-content\/uploads\/2021\/05\/REKREACIJA-scaled.jpg\",\"width\":2560,\"height\":1600},{\"@type\":\"BreadcrumbList\",\"@id\":\"https:\/\/vmu.lt\/en\/forestry\/recreation-map\/#breadcrumb\",\"itemListElement\":[{\"@type\":\"ListItem\",\"position\":1,\"name\":\"Forestry\",\"item\":\"https:\/\/vmu.lt\/en\/forestry\/\"},{\"@type\":\"ListItem\",\"position\":2,\"name\":\"Recreation map\"}]},{\"@type\":\"WebSite\",\"@id\":\"https:\/\/vmu.lt\/#website\",\"url\":\"https:\/\/vmu.lt\/\",\"name\":\"Valstybini\u0173 mi\u0161k\u0173 ur\u0117dija\",\"description\":\"\",\"publisher\":{\"@id\":\"https:\/\/vmu.lt\/#organization\"},\"potentialAction\":[{\"@type\":\"SearchAction\",\"target\":{\"@type\":\"EntryPoint\",\"urlTemplate\":\"https:\/\/vmu.lt\/?s={search_term_string}\"},\"query-input\":{\"@type\":\"PropertyValueSpecification\",\"valueRequired\":true,\"valueName\":\"search_term_string\"}}],\"inLanguage\":\"en-US\"},{\"@type\":\"Organization\",\"@id\":\"https:\/\/vmu.lt\/#organization\",\"name\":\"Valstybini\u0173 mi\u0161k\u0173 ur\u0117dija\",\"url\":\"https:\/\/vmu.lt\/\",\"logo\":{\"@type\":\"ImageObject\",\"inLanguage\":\"en-US\",\"@id\":\"https:\/\/vmu.lt\/#\/schema\/logo\/image\/\",\"url\":\"https:\/\/vmu.lt\/wp-content\/uploads\/2021\/05\/Logo.svg\",\"contentUrl\":\"https:\/\/vmu.lt\/wp-content\/uploads\/2021\/05\/Logo.svg\",\"width\":94,\"height\":44,\"caption\":\"Valstybini\u0173 mi\u0161k\u0173 ur\u0117dija\"},\"image\":{\"@id\":\"https:\/\/vmu.lt\/#\/schema\/logo\/image\/\"}}]}<\/script>\n<!-- \/ Yoast SEO plugin. -->","yoast_head_json":{"title":"Recreation  map - Valstybini\u0173 mi\u0161k\u0173 ur\u0117dija","robots":{"index":"index","follow":"follow","max-snippet":"max-snippet:-1","max-image-preview":"max-image-preview:large","max-video-preview":"max-video-preview:-1"},"canonical":"https:\/\/vmu.lt\/en\/forestry\/recreation-map\/","og_locale":"en_US","og_type":"article","og_title":"Recreation  map - Valstybini\u0173 mi\u0161k\u0173 ur\u0117dija","og_url":"https:\/\/vmu.lt\/en\/forestry\/recreation-map\/","og_site_name":"Valstybini\u0173 mi\u0161k\u0173 ur\u0117dija","article_modified_time":"2022-04-01T09:38:14+00:00","og_image":[{"width":2560,"height":1600,"url":"https:\/\/vmu.lt\/wp-content\/uploads\/2021\/05\/REKREACIJA-scaled.jpg","type":"image\/jpeg"}],"twitter_card":"summary_large_image","schema":{"@context":"https:\/\/schema.org","@graph":[{"@type":"WebPage","@id":"https:\/\/vmu.lt\/en\/forestry\/recreation-map\/","url":"https:\/\/vmu.lt\/en\/forestry\/recreation-map\/","name":"Recreation map - Valstybini\u0173 mi\u0161k\u0173 ur\u0117dija","isPartOf":{"@id":"https:\/\/vmu.lt\/#website"},"primaryImageOfPage":{"@id":"https:\/\/vmu.lt\/en\/forestry\/recreation-map\/#primaryimage"},"image":{"@id":"https:\/\/vmu.lt\/en\/forestry\/recreation-map\/#primaryimage"},"thumbnailUrl":"https:\/\/vmu.lt\/wp-content\/uploads\/2021\/05\/REKREACIJA-scaled.jpg","datePublished":"2021-12-01T16:04:17+00:00","dateModified":"2022-04-01T09:38:14+00:00","breadcrumb":{"@id":"https:\/\/vmu.lt\/en\/forestry\/recreation-map\/#breadcrumb"},"inLanguage":"en-US","potentialAction":[{"@type":"ReadAction","target":["https:\/\/vmu.lt\/en\/forestry\/recreation-map\/"]}]},{"@type":"ImageObject","inLanguage":"en-US","@id":"https:\/\/vmu.lt\/en\/forestry\/recreation-map\/#primaryimage","url":"https:\/\/vmu.lt\/wp-content\/uploads\/2021\/05\/REKREACIJA-scaled.jpg","contentUrl":"https:\/\/vmu.lt\/wp-content\/uploads\/2021\/05\/REKREACIJA-scaled.jpg","width":2560,"height":1600},{"@type":"BreadcrumbList","@id":"https:\/\/vmu.lt\/en\/forestry\/recreation-map\/#breadcrumb","itemListElement":[{"@type":"ListItem","position":1,"name":"Forestry","item":"https:\/\/vmu.lt\/en\/forestry\/"},{"@type":"ListItem","position":2,"name":"Recreation map"}]},{"@type":"WebSite","@id":"https:\/\/vmu.lt\/#website","url":"https:\/\/vmu.lt\/","name":"Valstybini\u0173 mi\u0161k\u0173 ur\u0117dija","description":"","publisher":{"@id":"https:\/\/vmu.lt\/#organization"},"potentialAction":[{"@type":"SearchAction","target":{"@type":"EntryPoint","urlTemplate":"https:\/\/vmu.lt\/?s={search_term_string}"},"query-input":{"@type":"PropertyValueSpecification","valueRequired":true,"valueName":"search_term_string"}}],"inLanguage":"en-US"},{"@type":"Organization","@id":"https:\/\/vmu.lt\/#organization","name":"Valstybini\u0173 mi\u0161k\u0173 ur\u0117dija","url":"https:\/\/vmu.lt\/","logo":{"@type":"ImageObject","inLanguage":"en-US","@id":"https:\/\/vmu.lt\/#\/schema\/logo\/image\/","url":"https:\/\/vmu.lt\/wp-content\/uploads\/2021\/05\/Logo.svg","contentUrl":"https:\/\/vmu.lt\/wp-content\/uploads\/2021\/05\/Logo.svg","width":94,"height":44,"caption":"Valstybini\u0173 mi\u0161k\u0173 ur\u0117dija"},"image":{"@id":"https:\/\/vmu.lt\/#\/schema\/logo\/image\/"}}]}},"_links":{"self":[{"href":"https:\/\/vmu.lt\/en\/wp-json\/wp\/v2\/pages\/4341","targetHints":{"allow":["GET"]}}],"collection":[{"href":"https:\/\/vmu.lt\/en\/wp-json\/wp\/v2\/pages"}],"about":[{"href":"https:\/\/vmu.lt\/en\/wp-json\/wp\/v2\/types\/page"}],"author":[{"embeddable":true,"href":"https:\/\/vmu.lt\/en\/wp-json\/wp\/v2\/users\/176"}],"replies":[{"embeddable":true,"href":"https:\/\/vmu.lt\/en\/wp-json\/wp\/v2\/comments?post=4341"}],"version-history":[{"count":0,"href":"https:\/\/vmu.lt\/en\/wp-json\/wp\/v2\/pages\/4341\/revisions"}],"up":[{"embeddable":true,"href":"https:\/\/vmu.lt\/en\/wp-json\/wp\/v2\/pages\/195750"}],"wp:featuredmedia":[{"embeddable":true,"href":"https:\/\/vmu.lt\/en\/wp-json\/wp\/v2\/media\/417"}],"wp:attachment":[{"href":"https:\/\/vmu.lt\/en\/wp-json\/wp\/v2\/media?parent=4341"}],"curies":[{"name":"wp","href":"https:\/\/api.w.org\/{rel}","templated":true}]}}