{"id":205875,"date":"2024-09-18T10:45:02","date_gmt":"2024-09-18T07:45:02","guid":{"rendered":"https:\/\/vmu.lt\/?page_id=205875"},"modified":"2024-09-18T11:02:47","modified_gmt":"2024-09-18T08:02:47","slug":"services-for-forest-owners","status":"publish","type":"page","link":"https:\/\/vmu.lt\/en\/services-for-forest-owners\/","title":{"rendered":"Services for Forest Owners"},"content":{"rendered":"","protected":false},"excerpt":{"rendered":"","protected":false},"author":176,"featured_media":2135,"parent":0,"menu_order":142,"comment_status":"closed","ping_status":"closed","template":"misku_savininkams.php","meta":{"_acf_changed":false,"footnotes":""},"class_list":["post-205875","page","type-page","status-publish","has-post-thumbnail","hentry"],"acf":[],"yoast_head":"<!-- This site is optimized with the Yoast SEO plugin v26.7 - https:\/\/yoast.com\/wordpress\/plugins\/seo\/ -->\n<title>Services for Forest Owners - Valstybini\u0173 mi\u0161k\u0173 ur\u0117dija<\/title>\n<meta name=\"robots\" content=\"index, follow, max-snippet:-1, max-image-preview:large, max-video-preview:-1\" \/>\n<link rel=\"canonical\" href=\"https:\/\/vmu.lt\/en\/services-for-forest-owners\/\" \/>\n<meta property=\"og:locale\" content=\"en_US\" \/>\n<meta property=\"og:type\" content=\"article\" \/>\n<meta property=\"og:title\" content=\"Services for Forest Owners - Valstybini\u0173 mi\u0161k\u0173 ur\u0117dija\" \/>\n<meta property=\"og:url\" content=\"https:\/\/vmu.lt\/en\/services-for-forest-owners\/\" \/>\n<meta property=\"og:site_name\" content=\"Valstybini\u0173 mi\u0161k\u0173 ur\u0117dija\" \/>\n<meta property=\"article:modified_time\" content=\"2024-09-18T08:02:47+00:00\" \/>\n<meta property=\"og:image\" content=\"https:\/\/vmu.lt\/wp-content\/uploads\/2021\/11\/Pus\u030cies-s\u030caka_4-1-scaled.jpg\" \/>\n\t<meta property=\"og:image:width\" content=\"2560\" \/>\n\t<meta property=\"og:image:height\" content=\"1058\" \/>\n\t<meta property=\"og:image:type\" content=\"image\/jpeg\" \/>\n<meta name=\"twitter:card\" content=\"summary_large_image\" \/>\n<meta name=\"twitter:label1\" content=\"Est. reading time\" \/>\n\t<meta name=\"twitter:data1\" content=\"1 minute\" \/>\n<script type=\"application\/ld+json\" class=\"yoast-schema-graph\">{\"@context\":\"https:\/\/schema.org\",\"@graph\":[{\"@type\":\"WebPage\",\"@id\":\"https:\/\/vmu.lt\/en\/services-for-forest-owners\/\",\"url\":\"https:\/\/vmu.lt\/en\/services-for-forest-owners\/\",\"name\":\"Services for Forest Owners - Valstybini\u0173 mi\u0161k\u0173 ur\u0117dija\",\"isPartOf\":{\"@id\":\"https:\/\/vmu.lt\/#website\"},\"primaryImageOfPage\":{\"@id\":\"https:\/\/vmu.lt\/en\/services-for-forest-owners\/#primaryimage\"},\"image\":{\"@id\":\"https:\/\/vmu.lt\/en\/services-for-forest-owners\/#primaryimage\"},\"thumbnailUrl\":\"https:\/\/vmu.lt\/wp-content\/uploads\/2021\/11\/Pus\u030cies-s\u030caka_4-1-scaled.jpg\",\"datePublished\":\"2024-09-18T07:45:02+00:00\",\"dateModified\":\"2024-09-18T08:02:47+00:00\",\"inLanguage\":\"en-US\",\"potentialAction\":[{\"@type\":\"ReadAction\",\"target\":[\"https:\/\/vmu.lt\/en\/services-for-forest-owners\/\"]}]},{\"@type\":\"ImageObject\",\"inLanguage\":\"en-US\",\"@id\":\"https:\/\/vmu.lt\/en\/services-for-forest-owners\/#primaryimage\",\"url\":\"https:\/\/vmu.lt\/wp-content\/uploads\/2021\/11\/Pus\u030cies-s\u030caka_4-1-scaled.jpg\",\"contentUrl\":\"https:\/\/vmu.lt\/wp-content\/uploads\/2021\/11\/Pus\u030cies-s\u030caka_4-1-scaled.jpg\",\"width\":2560,\"height\":1058},{\"@type\":\"WebSite\",\"@id\":\"https:\/\/vmu.lt\/#website\",\"url\":\"https:\/\/vmu.lt\/\",\"name\":\"Valstybini\u0173 mi\u0161k\u0173 ur\u0117dija\",\"description\":\"\",\"publisher\":{\"@id\":\"https:\/\/vmu.lt\/#organization\"},\"potentialAction\":[{\"@type\":\"SearchAction\",\"target\":{\"@type\":\"EntryPoint\",\"urlTemplate\":\"https:\/\/vmu.lt\/?s={search_term_string}\"},\"query-input\":{\"@type\":\"PropertyValueSpecification\",\"valueRequired\":true,\"valueName\":\"search_term_string\"}}],\"inLanguage\":\"en-US\"},{\"@type\":\"Organization\",\"@id\":\"https:\/\/vmu.lt\/#organization\",\"name\":\"Valstybini\u0173 mi\u0161k\u0173 ur\u0117dija\",\"url\":\"https:\/\/vmu.lt\/\",\"logo\":{\"@type\":\"ImageObject\",\"inLanguage\":\"en-US\",\"@id\":\"https:\/\/vmu.lt\/#\/schema\/logo\/image\/\",\"url\":\"https:\/\/vmu.lt\/wp-content\/uploads\/2021\/05\/Logo.svg\",\"contentUrl\":\"https:\/\/vmu.lt\/wp-content\/uploads\/2021\/05\/Logo.svg\",\"width\":94,\"height\":44,\"caption\":\"Valstybini\u0173 mi\u0161k\u0173 ur\u0117dija\"},\"image\":{\"@id\":\"https:\/\/vmu.lt\/#\/schema\/logo\/image\/\"}}]}<\/script>\n<!-- \/ Yoast SEO plugin. -->","yoast_head_json":{"title":"Services for Forest Owners - Valstybini\u0173 mi\u0161k\u0173 ur\u0117dija","robots":{"index":"index","follow":"follow","max-snippet":"max-snippet:-1","max-image-preview":"max-image-preview:large","max-video-preview":"max-video-preview:-1"},"canonical":"https:\/\/vmu.lt\/en\/services-for-forest-owners\/","og_locale":"en_US","og_type":"article","og_title":"Services for Forest Owners - Valstybini\u0173 mi\u0161k\u0173 ur\u0117dija","og_url":"https:\/\/vmu.lt\/en\/services-for-forest-owners\/","og_site_name":"Valstybini\u0173 mi\u0161k\u0173 ur\u0117dija","article_modified_time":"2024-09-18T08:02:47+00:00","og_image":[{"width":2560,"height":1058,"url":"https:\/\/vmu.lt\/wp-content\/uploads\/2021\/11\/Pus\u030cies-s\u030caka_4-1-scaled.jpg","type":"image\/jpeg"}],"twitter_card":"summary_large_image","twitter_misc":{"Est. reading time":"1 minute"},"schema":{"@context":"https:\/\/schema.org","@graph":[{"@type":"WebPage","@id":"https:\/\/vmu.lt\/en\/services-for-forest-owners\/","url":"https:\/\/vmu.lt\/en\/services-for-forest-owners\/","name":"Services for Forest Owners - Valstybini\u0173 mi\u0161k\u0173 ur\u0117dija","isPartOf":{"@id":"https:\/\/vmu.lt\/#website"},"primaryImageOfPage":{"@id":"https:\/\/vmu.lt\/en\/services-for-forest-owners\/#primaryimage"},"image":{"@id":"https:\/\/vmu.lt\/en\/services-for-forest-owners\/#primaryimage"},"thumbnailUrl":"https:\/\/vmu.lt\/wp-content\/uploads\/2021\/11\/Pus\u030cies-s\u030caka_4-1-scaled.jpg","datePublished":"2024-09-18T07:45:02+00:00","dateModified":"2024-09-18T08:02:47+00:00","inLanguage":"en-US","potentialAction":[{"@type":"ReadAction","target":["https:\/\/vmu.lt\/en\/services-for-forest-owners\/"]}]},{"@type":"ImageObject","inLanguage":"en-US","@id":"https:\/\/vmu.lt\/en\/services-for-forest-owners\/#primaryimage","url":"https:\/\/vmu.lt\/wp-content\/uploads\/2021\/11\/Pus\u030cies-s\u030caka_4-1-scaled.jpg","contentUrl":"https:\/\/vmu.lt\/wp-content\/uploads\/2021\/11\/Pus\u030cies-s\u030caka_4-1-scaled.jpg","width":2560,"height":1058},{"@type":"WebSite","@id":"https:\/\/vmu.lt\/#website","url":"https:\/\/vmu.lt\/","name":"Valstybini\u0173 mi\u0161k\u0173 ur\u0117dija","description":"","publisher":{"@id":"https:\/\/vmu.lt\/#organization"},"potentialAction":[{"@type":"SearchAction","target":{"@type":"EntryPoint","urlTemplate":"https:\/\/vmu.lt\/?s={search_term_string}"},"query-input":{"@type":"PropertyValueSpecification","valueRequired":true,"valueName":"search_term_string"}}],"inLanguage":"en-US"},{"@type":"Organization","@id":"https:\/\/vmu.lt\/#organization","name":"Valstybini\u0173 mi\u0161k\u0173 ur\u0117dija","url":"https:\/\/vmu.lt\/","logo":{"@type":"ImageObject","inLanguage":"en-US","@id":"https:\/\/vmu.lt\/#\/schema\/logo\/image\/","url":"https:\/\/vmu.lt\/wp-content\/uploads\/2021\/05\/Logo.svg","contentUrl":"https:\/\/vmu.lt\/wp-content\/uploads\/2021\/05\/Logo.svg","width":94,"height":44,"caption":"Valstybini\u0173 mi\u0161k\u0173 ur\u0117dija"},"image":{"@id":"https:\/\/vmu.lt\/#\/schema\/logo\/image\/"}}]}},"_links":{"self":[{"href":"https:\/\/vmu.lt\/en\/wp-json\/wp\/v2\/pages\/205875","targetHints":{"allow":["GET"]}}],"collection":[{"href":"https:\/\/vmu.lt\/en\/wp-json\/wp\/v2\/pages"}],"about":[{"href":"https:\/\/vmu.lt\/en\/wp-json\/wp\/v2\/types\/page"}],"author":[{"embeddable":true,"href":"https:\/\/vmu.lt\/en\/wp-json\/wp\/v2\/users\/176"}],"replies":[{"embeddable":true,"href":"https:\/\/vmu.lt\/en\/wp-json\/wp\/v2\/comments?post=205875"}],"version-history":[{"count":4,"href":"https:\/\/vmu.lt\/en\/wp-json\/wp\/v2\/pages\/205875\/revisions"}],"predecessor-version":[{"id":205889,"href":"https:\/\/vmu.lt\/en\/wp-json\/wp\/v2\/pages\/205875\/revisions\/205889"}],"wp:featuredmedia":[{"embeddable":true,"href":"https:\/\/vmu.lt\/en\/wp-json\/wp\/v2\/media\/2135"}],"wp:attachment":[{"href":"https:\/\/vmu.lt\/en\/wp-json\/wp\/v2\/media?parent=205875"}],"curies":[{"name":"wp","href":"https:\/\/api.w.org\/{rel}","templated":true}]}}