{"id":195772,"date":"2021-08-11T12:53:27","date_gmt":"2021-08-11T10:53:27","guid":{"rendered":"https:\/\/vmu.lt\/forestry\/misko-atkurimas-ir-iveisimas\/"},"modified":"2024-09-17T10:27:14","modified_gmt":"2024-09-17T07:27:14","slug":"forest-restoration-and-afforestation","status":"publish","type":"page","link":"https:\/\/vmu.lt\/en\/forestry\/forest-restoration-and-afforestation\/","title":{"rendered":"Forest restoration and afforestation"},"content":{"rendered":"","protected":false},"excerpt":{"rendered":"","protected":false},"author":176,"featured_media":193773,"parent":195750,"menu_order":118,"comment_status":"closed","ping_status":"closed","template":"misko_atkurimas.php","meta":{"_acf_changed":false,"footnotes":""},"class_list":["post-195772","page","type-page","status-publish","has-post-thumbnail","hentry"],"acf":[],"yoast_head":"<!-- This site is optimized with the Yoast SEO plugin v26.7 - https:\/\/yoast.com\/wordpress\/plugins\/seo\/ -->\n<title>Forest restoration and afforestation - Valstybini\u0173 mi\u0161k\u0173 ur\u0117dija<\/title>\n<meta name=\"robots\" content=\"index, follow, max-snippet:-1, max-image-preview:large, max-video-preview:-1\" \/>\n<link rel=\"canonical\" href=\"https:\/\/vmu.lt\/en\/forestry\/forest-restoration-and-afforestation\/\" \/>\n<meta property=\"og:locale\" content=\"en_US\" \/>\n<meta property=\"og:type\" content=\"article\" \/>\n<meta property=\"og:title\" content=\"Forest restoration and afforestation - Valstybini\u0173 mi\u0161k\u0173 ur\u0117dija\" \/>\n<meta property=\"og:url\" content=\"https:\/\/vmu.lt\/en\/forestry\/forest-restoration-and-afforestation\/\" \/>\n<meta property=\"og:site_name\" content=\"Valstybini\u0173 mi\u0161k\u0173 ur\u0117dija\" \/>\n<meta property=\"article:modified_time\" content=\"2024-09-17T07:27:14+00:00\" \/>\n<meta property=\"og:image\" content=\"https:\/\/vmu.lt\/wp-content\/uploads\/2021\/08\/Dubravos-medelyas-1.png\" \/>\n\t<meta property=\"og:image:width\" content=\"1440\" \/>\n\t<meta property=\"og:image:height\" content=\"595\" \/>\n\t<meta property=\"og:image:type\" content=\"image\/png\" \/>\n<meta name=\"twitter:card\" content=\"summary_large_image\" \/>\n<meta name=\"twitter:label1\" content=\"Est. reading time\" \/>\n\t<meta name=\"twitter:data1\" content=\"1 minute\" \/>\n<script type=\"application\/ld+json\" class=\"yoast-schema-graph\">{\"@context\":\"https:\/\/schema.org\",\"@graph\":[{\"@type\":\"WebPage\",\"@id\":\"https:\/\/vmu.lt\/en\/forestry\/forest-restoration-and-afforestation\/\",\"url\":\"https:\/\/vmu.lt\/en\/forestry\/forest-restoration-and-afforestation\/\",\"name\":\"Forest restoration and afforestation - Valstybini\u0173 mi\u0161k\u0173 ur\u0117dija\",\"isPartOf\":{\"@id\":\"https:\/\/vmu.lt\/#website\"},\"primaryImageOfPage\":{\"@id\":\"https:\/\/vmu.lt\/en\/forestry\/forest-restoration-and-afforestation\/#primaryimage\"},\"image\":{\"@id\":\"https:\/\/vmu.lt\/en\/forestry\/forest-restoration-and-afforestation\/#primaryimage\"},\"thumbnailUrl\":\"https:\/\/vmu.lt\/wp-content\/uploads\/2021\/08\/Dubravos-medelyas-1.png\",\"datePublished\":\"2021-08-11T10:53:27+00:00\",\"dateModified\":\"2024-09-17T07:27:14+00:00\",\"breadcrumb\":{\"@id\":\"https:\/\/vmu.lt\/en\/forestry\/forest-restoration-and-afforestation\/#breadcrumb\"},\"inLanguage\":\"en-US\",\"potentialAction\":[{\"@type\":\"ReadAction\",\"target\":[\"https:\/\/vmu.lt\/en\/forestry\/forest-restoration-and-afforestation\/\"]}]},{\"@type\":\"ImageObject\",\"inLanguage\":\"en-US\",\"@id\":\"https:\/\/vmu.lt\/en\/forestry\/forest-restoration-and-afforestation\/#primaryimage\",\"url\":\"https:\/\/vmu.lt\/wp-content\/uploads\/2021\/08\/Dubravos-medelyas-1.png\",\"contentUrl\":\"https:\/\/vmu.lt\/wp-content\/uploads\/2021\/08\/Dubravos-medelyas-1.png\",\"width\":1440,\"height\":595},{\"@type\":\"BreadcrumbList\",\"@id\":\"https:\/\/vmu.lt\/en\/forestry\/forest-restoration-and-afforestation\/#breadcrumb\",\"itemListElement\":[{\"@type\":\"ListItem\",\"position\":1,\"name\":\"Forestry\",\"item\":\"https:\/\/vmu.lt\/en\/forestry\/\"},{\"@type\":\"ListItem\",\"position\":2,\"name\":\"Forest restoration and afforestation\"}]},{\"@type\":\"WebSite\",\"@id\":\"https:\/\/vmu.lt\/#website\",\"url\":\"https:\/\/vmu.lt\/\",\"name\":\"Valstybini\u0173 mi\u0161k\u0173 ur\u0117dija\",\"description\":\"\",\"publisher\":{\"@id\":\"https:\/\/vmu.lt\/#organization\"},\"potentialAction\":[{\"@type\":\"SearchAction\",\"target\":{\"@type\":\"EntryPoint\",\"urlTemplate\":\"https:\/\/vmu.lt\/?s={search_term_string}\"},\"query-input\":{\"@type\":\"PropertyValueSpecification\",\"valueRequired\":true,\"valueName\":\"search_term_string\"}}],\"inLanguage\":\"en-US\"},{\"@type\":\"Organization\",\"@id\":\"https:\/\/vmu.lt\/#organization\",\"name\":\"Valstybini\u0173 mi\u0161k\u0173 ur\u0117dija\",\"url\":\"https:\/\/vmu.lt\/\",\"logo\":{\"@type\":\"ImageObject\",\"inLanguage\":\"en-US\",\"@id\":\"https:\/\/vmu.lt\/#\/schema\/logo\/image\/\",\"url\":\"https:\/\/vmu.lt\/wp-content\/uploads\/2021\/05\/Logo.svg\",\"contentUrl\":\"https:\/\/vmu.lt\/wp-content\/uploads\/2021\/05\/Logo.svg\",\"width\":94,\"height\":44,\"caption\":\"Valstybini\u0173 mi\u0161k\u0173 ur\u0117dija\"},\"image\":{\"@id\":\"https:\/\/vmu.lt\/#\/schema\/logo\/image\/\"}}]}<\/script>\n<!-- \/ Yoast SEO plugin. -->","yoast_head_json":{"title":"Forest restoration and afforestation - Valstybini\u0173 mi\u0161k\u0173 ur\u0117dija","robots":{"index":"index","follow":"follow","max-snippet":"max-snippet:-1","max-image-preview":"max-image-preview:large","max-video-preview":"max-video-preview:-1"},"canonical":"https:\/\/vmu.lt\/en\/forestry\/forest-restoration-and-afforestation\/","og_locale":"en_US","og_type":"article","og_title":"Forest restoration and afforestation - Valstybini\u0173 mi\u0161k\u0173 ur\u0117dija","og_url":"https:\/\/vmu.lt\/en\/forestry\/forest-restoration-and-afforestation\/","og_site_name":"Valstybini\u0173 mi\u0161k\u0173 ur\u0117dija","article_modified_time":"2024-09-17T07:27:14+00:00","og_image":[{"width":1440,"height":595,"url":"https:\/\/vmu.lt\/wp-content\/uploads\/2021\/08\/Dubravos-medelyas-1.png","type":"image\/png"}],"twitter_card":"summary_large_image","twitter_misc":{"Est. reading time":"1 minute"},"schema":{"@context":"https:\/\/schema.org","@graph":[{"@type":"WebPage","@id":"https:\/\/vmu.lt\/en\/forestry\/forest-restoration-and-afforestation\/","url":"https:\/\/vmu.lt\/en\/forestry\/forest-restoration-and-afforestation\/","name":"Forest restoration and afforestation - Valstybini\u0173 mi\u0161k\u0173 ur\u0117dija","isPartOf":{"@id":"https:\/\/vmu.lt\/#website"},"primaryImageOfPage":{"@id":"https:\/\/vmu.lt\/en\/forestry\/forest-restoration-and-afforestation\/#primaryimage"},"image":{"@id":"https:\/\/vmu.lt\/en\/forestry\/forest-restoration-and-afforestation\/#primaryimage"},"thumbnailUrl":"https:\/\/vmu.lt\/wp-content\/uploads\/2021\/08\/Dubravos-medelyas-1.png","datePublished":"2021-08-11T10:53:27+00:00","dateModified":"2024-09-17T07:27:14+00:00","breadcrumb":{"@id":"https:\/\/vmu.lt\/en\/forestry\/forest-restoration-and-afforestation\/#breadcrumb"},"inLanguage":"en-US","potentialAction":[{"@type":"ReadAction","target":["https:\/\/vmu.lt\/en\/forestry\/forest-restoration-and-afforestation\/"]}]},{"@type":"ImageObject","inLanguage":"en-US","@id":"https:\/\/vmu.lt\/en\/forestry\/forest-restoration-and-afforestation\/#primaryimage","url":"https:\/\/vmu.lt\/wp-content\/uploads\/2021\/08\/Dubravos-medelyas-1.png","contentUrl":"https:\/\/vmu.lt\/wp-content\/uploads\/2021\/08\/Dubravos-medelyas-1.png","width":1440,"height":595},{"@type":"BreadcrumbList","@id":"https:\/\/vmu.lt\/en\/forestry\/forest-restoration-and-afforestation\/#breadcrumb","itemListElement":[{"@type":"ListItem","position":1,"name":"Forestry","item":"https:\/\/vmu.lt\/en\/forestry\/"},{"@type":"ListItem","position":2,"name":"Forest restoration and afforestation"}]},{"@type":"WebSite","@id":"https:\/\/vmu.lt\/#website","url":"https:\/\/vmu.lt\/","name":"Valstybini\u0173 mi\u0161k\u0173 ur\u0117dija","description":"","publisher":{"@id":"https:\/\/vmu.lt\/#organization"},"potentialAction":[{"@type":"SearchAction","target":{"@type":"EntryPoint","urlTemplate":"https:\/\/vmu.lt\/?s={search_term_string}"},"query-input":{"@type":"PropertyValueSpecification","valueRequired":true,"valueName":"search_term_string"}}],"inLanguage":"en-US"},{"@type":"Organization","@id":"https:\/\/vmu.lt\/#organization","name":"Valstybini\u0173 mi\u0161k\u0173 ur\u0117dija","url":"https:\/\/vmu.lt\/","logo":{"@type":"ImageObject","inLanguage":"en-US","@id":"https:\/\/vmu.lt\/#\/schema\/logo\/image\/","url":"https:\/\/vmu.lt\/wp-content\/uploads\/2021\/05\/Logo.svg","contentUrl":"https:\/\/vmu.lt\/wp-content\/uploads\/2021\/05\/Logo.svg","width":94,"height":44,"caption":"Valstybini\u0173 mi\u0161k\u0173 ur\u0117dija"},"image":{"@id":"https:\/\/vmu.lt\/#\/schema\/logo\/image\/"}}]}},"_links":{"self":[{"href":"https:\/\/vmu.lt\/en\/wp-json\/wp\/v2\/pages\/195772","targetHints":{"allow":["GET"]}}],"collection":[{"href":"https:\/\/vmu.lt\/en\/wp-json\/wp\/v2\/pages"}],"about":[{"href":"https:\/\/vmu.lt\/en\/wp-json\/wp\/v2\/types\/page"}],"author":[{"embeddable":true,"href":"https:\/\/vmu.lt\/en\/wp-json\/wp\/v2\/users\/176"}],"replies":[{"embeddable":true,"href":"https:\/\/vmu.lt\/en\/wp-json\/wp\/v2\/comments?post=195772"}],"version-history":[{"count":9,"href":"https:\/\/vmu.lt\/en\/wp-json\/wp\/v2\/pages\/195772\/revisions"}],"predecessor-version":[{"id":205514,"href":"https:\/\/vmu.lt\/en\/wp-json\/wp\/v2\/pages\/195772\/revisions\/205514"}],"up":[{"embeddable":true,"href":"https:\/\/vmu.lt\/en\/wp-json\/wp\/v2\/pages\/195750"}],"wp:featuredmedia":[{"embeddable":true,"href":"https:\/\/vmu.lt\/en\/wp-json\/wp\/v2\/media\/193773"}],"wp:attachment":[{"href":"https:\/\/vmu.lt\/en\/wp-json\/wp\/v2\/media?parent=195772"}],"curies":[{"name":"wp","href":"https:\/\/api.w.org\/{rel}","templated":true}]}}