{"id":195735,"date":"2022-09-12T12:52:17","date_gmt":"2022-09-12T09:52:17","guid":{"rendered":"https:\/\/vmu.lt\/zemes-skirtos-naujiems-miskams-iveisti-pirkimai\/"},"modified":"2024-07-24T11:58:07","modified_gmt":"2024-07-24T08:58:07","slug":"purchases-of-land-designated-for-new-forests","status":"publish","type":"page","link":"https:\/\/vmu.lt\/en\/purchases-of-land-designated-for-new-forests\/","title":{"rendered":"Purchases of Land Designated for New Forests"},"content":{"rendered":"","protected":false},"excerpt":{"rendered":"","protected":false},"author":176,"featured_media":2235,"parent":0,"menu_order":48,"comment_status":"closed","ping_status":"closed","template":"zemes_skelbimai.php","meta":{"_acf_changed":false,"footnotes":""},"class_list":["post-195735","page","type-page","status-publish","has-post-thumbnail","hentry"],"acf":[],"yoast_head":"<!-- This site is optimized with the Yoast SEO plugin v26.7 - https:\/\/yoast.com\/wordpress\/plugins\/seo\/ -->\n<title>Purchases of Land Designated for New Forests - Valstybini\u0173 mi\u0161k\u0173 ur\u0117dija<\/title>\n<meta name=\"robots\" content=\"index, follow, max-snippet:-1, max-image-preview:large, max-video-preview:-1\" \/>\n<link rel=\"canonical\" href=\"https:\/\/vmu.lt\/en\/purchases-of-land-designated-for-new-forests\/\" \/>\n<meta property=\"og:locale\" content=\"en_US\" \/>\n<meta property=\"og:type\" content=\"article\" \/>\n<meta property=\"og:title\" content=\"Purchases of Land Designated for New Forests - Valstybini\u0173 mi\u0161k\u0173 ur\u0117dija\" \/>\n<meta property=\"og:url\" content=\"https:\/\/vmu.lt\/en\/purchases-of-land-designated-for-new-forests\/\" \/>\n<meta property=\"og:site_name\" content=\"Valstybini\u0173 mi\u0161k\u0173 ur\u0117dija\" \/>\n<meta property=\"article:modified_time\" content=\"2024-07-24T08:58:07+00:00\" \/>\n<meta property=\"og:image\" content=\"https:\/\/vmu.lt\/wp-content\/uploads\/2021\/11\/AB_mis\u030cke_plakatui_sharp_high_pass-1-scaled.jpg\" \/>\n\t<meta property=\"og:image:width\" content=\"2560\" \/>\n\t<meta property=\"og:image:height\" content=\"1600\" \/>\n\t<meta property=\"og:image:type\" content=\"image\/jpeg\" \/>\n<meta name=\"twitter:card\" content=\"summary_large_image\" \/>\n<meta name=\"twitter:label1\" content=\"Est. reading time\" \/>\n\t<meta name=\"twitter:data1\" content=\"1 minute\" \/>\n<script type=\"application\/ld+json\" class=\"yoast-schema-graph\">{\"@context\":\"https:\/\/schema.org\",\"@graph\":[{\"@type\":\"WebPage\",\"@id\":\"https:\/\/vmu.lt\/en\/purchases-of-land-designated-for-new-forests\/\",\"url\":\"https:\/\/vmu.lt\/en\/purchases-of-land-designated-for-new-forests\/\",\"name\":\"Purchases of Land Designated for New Forests - Valstybini\u0173 mi\u0161k\u0173 ur\u0117dija\",\"isPartOf\":{\"@id\":\"https:\/\/vmu.lt\/#website\"},\"primaryImageOfPage\":{\"@id\":\"https:\/\/vmu.lt\/en\/purchases-of-land-designated-for-new-forests\/#primaryimage\"},\"image\":{\"@id\":\"https:\/\/vmu.lt\/en\/purchases-of-land-designated-for-new-forests\/#primaryimage\"},\"thumbnailUrl\":\"https:\/\/vmu.lt\/wp-content\/uploads\/2021\/11\/AB_mis\u030cke_plakatui_sharp_high_pass-1-scaled.jpg\",\"datePublished\":\"2022-09-12T09:52:17+00:00\",\"dateModified\":\"2024-07-24T08:58:07+00:00\",\"inLanguage\":\"en-US\",\"potentialAction\":[{\"@type\":\"ReadAction\",\"target\":[\"https:\/\/vmu.lt\/en\/purchases-of-land-designated-for-new-forests\/\"]}]},{\"@type\":\"ImageObject\",\"inLanguage\":\"en-US\",\"@id\":\"https:\/\/vmu.lt\/en\/purchases-of-land-designated-for-new-forests\/#primaryimage\",\"url\":\"https:\/\/vmu.lt\/wp-content\/uploads\/2021\/11\/AB_mis\u030cke_plakatui_sharp_high_pass-1-scaled.jpg\",\"contentUrl\":\"https:\/\/vmu.lt\/wp-content\/uploads\/2021\/11\/AB_mis\u030cke_plakatui_sharp_high_pass-1-scaled.jpg\",\"width\":2560,\"height\":1600},{\"@type\":\"WebSite\",\"@id\":\"https:\/\/vmu.lt\/#website\",\"url\":\"https:\/\/vmu.lt\/\",\"name\":\"Valstybini\u0173 mi\u0161k\u0173 ur\u0117dija\",\"description\":\"\",\"publisher\":{\"@id\":\"https:\/\/vmu.lt\/#organization\"},\"potentialAction\":[{\"@type\":\"SearchAction\",\"target\":{\"@type\":\"EntryPoint\",\"urlTemplate\":\"https:\/\/vmu.lt\/?s={search_term_string}\"},\"query-input\":{\"@type\":\"PropertyValueSpecification\",\"valueRequired\":true,\"valueName\":\"search_term_string\"}}],\"inLanguage\":\"en-US\"},{\"@type\":\"Organization\",\"@id\":\"https:\/\/vmu.lt\/#organization\",\"name\":\"Valstybini\u0173 mi\u0161k\u0173 ur\u0117dija\",\"url\":\"https:\/\/vmu.lt\/\",\"logo\":{\"@type\":\"ImageObject\",\"inLanguage\":\"en-US\",\"@id\":\"https:\/\/vmu.lt\/#\/schema\/logo\/image\/\",\"url\":\"https:\/\/vmu.lt\/wp-content\/uploads\/2021\/05\/Logo.svg\",\"contentUrl\":\"https:\/\/vmu.lt\/wp-content\/uploads\/2021\/05\/Logo.svg\",\"width\":94,\"height\":44,\"caption\":\"Valstybini\u0173 mi\u0161k\u0173 ur\u0117dija\"},\"image\":{\"@id\":\"https:\/\/vmu.lt\/#\/schema\/logo\/image\/\"}}]}<\/script>\n<!-- \/ Yoast SEO plugin. -->","yoast_head_json":{"title":"Purchases of Land Designated for New Forests - Valstybini\u0173 mi\u0161k\u0173 ur\u0117dija","robots":{"index":"index","follow":"follow","max-snippet":"max-snippet:-1","max-image-preview":"max-image-preview:large","max-video-preview":"max-video-preview:-1"},"canonical":"https:\/\/vmu.lt\/en\/purchases-of-land-designated-for-new-forests\/","og_locale":"en_US","og_type":"article","og_title":"Purchases of Land Designated for New Forests - Valstybini\u0173 mi\u0161k\u0173 ur\u0117dija","og_url":"https:\/\/vmu.lt\/en\/purchases-of-land-designated-for-new-forests\/","og_site_name":"Valstybini\u0173 mi\u0161k\u0173 ur\u0117dija","article_modified_time":"2024-07-24T08:58:07+00:00","og_image":[{"width":2560,"height":1600,"url":"https:\/\/vmu.lt\/wp-content\/uploads\/2021\/11\/AB_mis\u030cke_plakatui_sharp_high_pass-1-scaled.jpg","type":"image\/jpeg"}],"twitter_card":"summary_large_image","twitter_misc":{"Est. reading time":"1 minute"},"schema":{"@context":"https:\/\/schema.org","@graph":[{"@type":"WebPage","@id":"https:\/\/vmu.lt\/en\/purchases-of-land-designated-for-new-forests\/","url":"https:\/\/vmu.lt\/en\/purchases-of-land-designated-for-new-forests\/","name":"Purchases of Land Designated for New Forests - Valstybini\u0173 mi\u0161k\u0173 ur\u0117dija","isPartOf":{"@id":"https:\/\/vmu.lt\/#website"},"primaryImageOfPage":{"@id":"https:\/\/vmu.lt\/en\/purchases-of-land-designated-for-new-forests\/#primaryimage"},"image":{"@id":"https:\/\/vmu.lt\/en\/purchases-of-land-designated-for-new-forests\/#primaryimage"},"thumbnailUrl":"https:\/\/vmu.lt\/wp-content\/uploads\/2021\/11\/AB_mis\u030cke_plakatui_sharp_high_pass-1-scaled.jpg","datePublished":"2022-09-12T09:52:17+00:00","dateModified":"2024-07-24T08:58:07+00:00","inLanguage":"en-US","potentialAction":[{"@type":"ReadAction","target":["https:\/\/vmu.lt\/en\/purchases-of-land-designated-for-new-forests\/"]}]},{"@type":"ImageObject","inLanguage":"en-US","@id":"https:\/\/vmu.lt\/en\/purchases-of-land-designated-for-new-forests\/#primaryimage","url":"https:\/\/vmu.lt\/wp-content\/uploads\/2021\/11\/AB_mis\u030cke_plakatui_sharp_high_pass-1-scaled.jpg","contentUrl":"https:\/\/vmu.lt\/wp-content\/uploads\/2021\/11\/AB_mis\u030cke_plakatui_sharp_high_pass-1-scaled.jpg","width":2560,"height":1600},{"@type":"WebSite","@id":"https:\/\/vmu.lt\/#website","url":"https:\/\/vmu.lt\/","name":"Valstybini\u0173 mi\u0161k\u0173 ur\u0117dija","description":"","publisher":{"@id":"https:\/\/vmu.lt\/#organization"},"potentialAction":[{"@type":"SearchAction","target":{"@type":"EntryPoint","urlTemplate":"https:\/\/vmu.lt\/?s={search_term_string}"},"query-input":{"@type":"PropertyValueSpecification","valueRequired":true,"valueName":"search_term_string"}}],"inLanguage":"en-US"},{"@type":"Organization","@id":"https:\/\/vmu.lt\/#organization","name":"Valstybini\u0173 mi\u0161k\u0173 ur\u0117dija","url":"https:\/\/vmu.lt\/","logo":{"@type":"ImageObject","inLanguage":"en-US","@id":"https:\/\/vmu.lt\/#\/schema\/logo\/image\/","url":"https:\/\/vmu.lt\/wp-content\/uploads\/2021\/05\/Logo.svg","contentUrl":"https:\/\/vmu.lt\/wp-content\/uploads\/2021\/05\/Logo.svg","width":94,"height":44,"caption":"Valstybini\u0173 mi\u0161k\u0173 ur\u0117dija"},"image":{"@id":"https:\/\/vmu.lt\/#\/schema\/logo\/image\/"}}]}},"_links":{"self":[{"href":"https:\/\/vmu.lt\/en\/wp-json\/wp\/v2\/pages\/195735","targetHints":{"allow":["GET"]}}],"collection":[{"href":"https:\/\/vmu.lt\/en\/wp-json\/wp\/v2\/pages"}],"about":[{"href":"https:\/\/vmu.lt\/en\/wp-json\/wp\/v2\/types\/page"}],"author":[{"embeddable":true,"href":"https:\/\/vmu.lt\/en\/wp-json\/wp\/v2\/users\/176"}],"replies":[{"embeddable":true,"href":"https:\/\/vmu.lt\/en\/wp-json\/wp\/v2\/comments?post=195735"}],"version-history":[{"count":1,"href":"https:\/\/vmu.lt\/en\/wp-json\/wp\/v2\/pages\/195735\/revisions"}],"predecessor-version":[{"id":195737,"href":"https:\/\/vmu.lt\/en\/wp-json\/wp\/v2\/pages\/195735\/revisions\/195737"}],"wp:featuredmedia":[{"embeddable":true,"href":"https:\/\/vmu.lt\/en\/wp-json\/wp\/v2\/media\/2235"}],"wp:attachment":[{"href":"https:\/\/vmu.lt\/en\/wp-json\/wp\/v2\/media?parent=195735"}],"curies":[{"name":"wp","href":"https:\/\/api.w.org\/{rel}","templated":true}]}}