{"id":194367,"date":"2021-08-17T07:34:03","date_gmt":"2021-08-17T04:34:03","guid":{"rendered":"https:\/\/vmu.lt\/miskotvarka\/"},"modified":"2024-09-16T13:45:21","modified_gmt":"2024-09-16T10:45:21","slug":"forest-management","status":"publish","type":"page","link":"https:\/\/vmu.lt\/en\/forest-management\/","title":{"rendered":"Forest Management"},"content":{"rendered":"\n<p>Forest management is a forestry planning system that includes forest inventory and accounting, analysis of forest condition, use and economic activity, preparation of forestry organization and development projects.<\/p>\n","protected":false},"excerpt":{"rendered":"<p>Forest management is a forestry planning system that includes forest inventory and accounting, analysis of forest condition, use and economic activity, preparation of forestry organization and development projects.<\/p>\n","protected":false},"author":176,"featured_media":18839,"parent":0,"menu_order":129,"comment_status":"closed","ping_status":"closed","template":"miskotvarka_en.php","meta":{"_acf_changed":false,"footnotes":""},"class_list":["post-194367","page","type-page","status-publish","has-post-thumbnail","hentry"],"acf":[],"yoast_head":"<!-- This site is optimized with the Yoast SEO plugin v26.7 - https:\/\/yoast.com\/wordpress\/plugins\/seo\/ -->\n<title>Forest Management - Valstybini\u0173 mi\u0161k\u0173 ur\u0117dija<\/title>\n<meta name=\"robots\" content=\"index, follow, max-snippet:-1, max-image-preview:large, max-video-preview:-1\" \/>\n<link rel=\"canonical\" href=\"https:\/\/vmu.lt\/en\/forest-management\/\" \/>\n<meta property=\"og:locale\" content=\"en_US\" \/>\n<meta property=\"og:type\" content=\"article\" \/>\n<meta property=\"og:title\" content=\"Forest Management - Valstybini\u0173 mi\u0161k\u0173 ur\u0117dija\" \/>\n<meta property=\"og:description\" content=\"Forest management is a forestry planning system that includes forest inventory and accounting, analysis of forest condition, use and economic activity, preparation of forestry organization and development projects.\" \/>\n<meta property=\"og:url\" content=\"https:\/\/vmu.lt\/en\/forest-management\/\" \/>\n<meta property=\"og:site_name\" content=\"Valstybini\u0173 mi\u0161k\u0173 ur\u0117dija\" \/>\n<meta property=\"article:modified_time\" content=\"2024-09-16T10:45:21+00:00\" \/>\n<meta property=\"og:image\" content=\"https:\/\/vmu.lt\/wp-content\/uploads\/2021\/08\/Mis\u030ckas-3-1.png\" \/>\n\t<meta property=\"og:image:width\" content=\"1440\" \/>\n\t<meta property=\"og:image:height\" content=\"595\" \/>\n\t<meta property=\"og:image:type\" content=\"image\/png\" \/>\n<meta name=\"twitter:card\" content=\"summary_large_image\" \/>\n<meta name=\"twitter:label1\" content=\"Est. reading time\" \/>\n\t<meta name=\"twitter:data1\" content=\"1 minute\" \/>\n<script type=\"application\/ld+json\" class=\"yoast-schema-graph\">{\"@context\":\"https:\/\/schema.org\",\"@graph\":[{\"@type\":\"WebPage\",\"@id\":\"https:\/\/vmu.lt\/en\/forest-management\/\",\"url\":\"https:\/\/vmu.lt\/en\/forest-management\/\",\"name\":\"Forest Management - Valstybini\u0173 mi\u0161k\u0173 ur\u0117dija\",\"isPartOf\":{\"@id\":\"https:\/\/vmu.lt\/#website\"},\"primaryImageOfPage\":{\"@id\":\"https:\/\/vmu.lt\/en\/forest-management\/#primaryimage\"},\"image\":{\"@id\":\"https:\/\/vmu.lt\/en\/forest-management\/#primaryimage\"},\"thumbnailUrl\":\"https:\/\/vmu.lt\/wp-content\/uploads\/2021\/08\/Mis\u030ckas-3-1.png\",\"datePublished\":\"2021-08-17T04:34:03+00:00\",\"dateModified\":\"2024-09-16T10:45:21+00:00\",\"inLanguage\":\"en-US\",\"potentialAction\":[{\"@type\":\"ReadAction\",\"target\":[\"https:\/\/vmu.lt\/en\/forest-management\/\"]}]},{\"@type\":\"ImageObject\",\"inLanguage\":\"en-US\",\"@id\":\"https:\/\/vmu.lt\/en\/forest-management\/#primaryimage\",\"url\":\"https:\/\/vmu.lt\/wp-content\/uploads\/2021\/08\/Mis\u030ckas-3-1.png\",\"contentUrl\":\"https:\/\/vmu.lt\/wp-content\/uploads\/2021\/08\/Mis\u030ckas-3-1.png\",\"width\":1440,\"height\":595},{\"@type\":\"WebSite\",\"@id\":\"https:\/\/vmu.lt\/#website\",\"url\":\"https:\/\/vmu.lt\/\",\"name\":\"Valstybini\u0173 mi\u0161k\u0173 ur\u0117dija\",\"description\":\"\",\"publisher\":{\"@id\":\"https:\/\/vmu.lt\/#organization\"},\"potentialAction\":[{\"@type\":\"SearchAction\",\"target\":{\"@type\":\"EntryPoint\",\"urlTemplate\":\"https:\/\/vmu.lt\/?s={search_term_string}\"},\"query-input\":{\"@type\":\"PropertyValueSpecification\",\"valueRequired\":true,\"valueName\":\"search_term_string\"}}],\"inLanguage\":\"en-US\"},{\"@type\":\"Organization\",\"@id\":\"https:\/\/vmu.lt\/#organization\",\"name\":\"Valstybini\u0173 mi\u0161k\u0173 ur\u0117dija\",\"url\":\"https:\/\/vmu.lt\/\",\"logo\":{\"@type\":\"ImageObject\",\"inLanguage\":\"en-US\",\"@id\":\"https:\/\/vmu.lt\/#\/schema\/logo\/image\/\",\"url\":\"https:\/\/vmu.lt\/wp-content\/uploads\/2021\/05\/Logo.svg\",\"contentUrl\":\"https:\/\/vmu.lt\/wp-content\/uploads\/2021\/05\/Logo.svg\",\"width\":94,\"height\":44,\"caption\":\"Valstybini\u0173 mi\u0161k\u0173 ur\u0117dija\"},\"image\":{\"@id\":\"https:\/\/vmu.lt\/#\/schema\/logo\/image\/\"}}]}<\/script>\n<!-- \/ Yoast SEO plugin. -->","yoast_head_json":{"title":"Forest Management - Valstybini\u0173 mi\u0161k\u0173 ur\u0117dija","robots":{"index":"index","follow":"follow","max-snippet":"max-snippet:-1","max-image-preview":"max-image-preview:large","max-video-preview":"max-video-preview:-1"},"canonical":"https:\/\/vmu.lt\/en\/forest-management\/","og_locale":"en_US","og_type":"article","og_title":"Forest Management - Valstybini\u0173 mi\u0161k\u0173 ur\u0117dija","og_description":"Forest management is a forestry planning system that includes forest inventory and accounting, analysis of forest condition, use and economic activity, preparation of forestry organization and development projects.","og_url":"https:\/\/vmu.lt\/en\/forest-management\/","og_site_name":"Valstybini\u0173 mi\u0161k\u0173 ur\u0117dija","article_modified_time":"2024-09-16T10:45:21+00:00","og_image":[{"width":1440,"height":595,"url":"https:\/\/vmu.lt\/wp-content\/uploads\/2021\/08\/Mis\u030ckas-3-1.png","type":"image\/png"}],"twitter_card":"summary_large_image","twitter_misc":{"Est. reading time":"1 minute"},"schema":{"@context":"https:\/\/schema.org","@graph":[{"@type":"WebPage","@id":"https:\/\/vmu.lt\/en\/forest-management\/","url":"https:\/\/vmu.lt\/en\/forest-management\/","name":"Forest Management - Valstybini\u0173 mi\u0161k\u0173 ur\u0117dija","isPartOf":{"@id":"https:\/\/vmu.lt\/#website"},"primaryImageOfPage":{"@id":"https:\/\/vmu.lt\/en\/forest-management\/#primaryimage"},"image":{"@id":"https:\/\/vmu.lt\/en\/forest-management\/#primaryimage"},"thumbnailUrl":"https:\/\/vmu.lt\/wp-content\/uploads\/2021\/08\/Mis\u030ckas-3-1.png","datePublished":"2021-08-17T04:34:03+00:00","dateModified":"2024-09-16T10:45:21+00:00","inLanguage":"en-US","potentialAction":[{"@type":"ReadAction","target":["https:\/\/vmu.lt\/en\/forest-management\/"]}]},{"@type":"ImageObject","inLanguage":"en-US","@id":"https:\/\/vmu.lt\/en\/forest-management\/#primaryimage","url":"https:\/\/vmu.lt\/wp-content\/uploads\/2021\/08\/Mis\u030ckas-3-1.png","contentUrl":"https:\/\/vmu.lt\/wp-content\/uploads\/2021\/08\/Mis\u030ckas-3-1.png","width":1440,"height":595},{"@type":"WebSite","@id":"https:\/\/vmu.lt\/#website","url":"https:\/\/vmu.lt\/","name":"Valstybini\u0173 mi\u0161k\u0173 ur\u0117dija","description":"","publisher":{"@id":"https:\/\/vmu.lt\/#organization"},"potentialAction":[{"@type":"SearchAction","target":{"@type":"EntryPoint","urlTemplate":"https:\/\/vmu.lt\/?s={search_term_string}"},"query-input":{"@type":"PropertyValueSpecification","valueRequired":true,"valueName":"search_term_string"}}],"inLanguage":"en-US"},{"@type":"Organization","@id":"https:\/\/vmu.lt\/#organization","name":"Valstybini\u0173 mi\u0161k\u0173 ur\u0117dija","url":"https:\/\/vmu.lt\/","logo":{"@type":"ImageObject","inLanguage":"en-US","@id":"https:\/\/vmu.lt\/#\/schema\/logo\/image\/","url":"https:\/\/vmu.lt\/wp-content\/uploads\/2021\/05\/Logo.svg","contentUrl":"https:\/\/vmu.lt\/wp-content\/uploads\/2021\/05\/Logo.svg","width":94,"height":44,"caption":"Valstybini\u0173 mi\u0161k\u0173 ur\u0117dija"},"image":{"@id":"https:\/\/vmu.lt\/#\/schema\/logo\/image\/"}}]}},"_links":{"self":[{"href":"https:\/\/vmu.lt\/en\/wp-json\/wp\/v2\/pages\/194367","targetHints":{"allow":["GET"]}}],"collection":[{"href":"https:\/\/vmu.lt\/en\/wp-json\/wp\/v2\/pages"}],"about":[{"href":"https:\/\/vmu.lt\/en\/wp-json\/wp\/v2\/types\/page"}],"author":[{"embeddable":true,"href":"https:\/\/vmu.lt\/en\/wp-json\/wp\/v2\/users\/176"}],"replies":[{"embeddable":true,"href":"https:\/\/vmu.lt\/en\/wp-json\/wp\/v2\/comments?post=194367"}],"version-history":[{"count":13,"href":"https:\/\/vmu.lt\/en\/wp-json\/wp\/v2\/pages\/194367\/revisions"}],"predecessor-version":[{"id":205219,"href":"https:\/\/vmu.lt\/en\/wp-json\/wp\/v2\/pages\/194367\/revisions\/205219"}],"wp:featuredmedia":[{"embeddable":true,"href":"https:\/\/vmu.lt\/en\/wp-json\/wp\/v2\/media\/18839"}],"wp:attachment":[{"href":"https:\/\/vmu.lt\/en\/wp-json\/wp\/v2\/media?parent=194367"}],"curies":[{"name":"wp","href":"https:\/\/api.w.org\/{rel}","templated":true}]}}