{"id":18806,"date":"2021-09-10T07:16:00","date_gmt":"2021-09-10T07:16:00","guid":{"rendered":"https:\/\/vmu.lt\/misko-keliai\/"},"modified":"2024-09-18T09:59:29","modified_gmt":"2024-09-18T06:59:29","slug":"forest-roads","status":"publish","type":"page","link":"https:\/\/vmu.lt\/en\/forestry\/logging\/forest-roads\/","title":{"rendered":"FOREST ROADS"},"content":{"rendered":"","protected":false},"excerpt":{"rendered":"","protected":false},"author":176,"featured_media":18807,"parent":195791,"menu_order":122,"comment_status":"closed","ping_status":"closed","template":"misko_keliai.php","meta":{"_acf_changed":false,"footnotes":""},"class_list":["post-18806","page","type-page","status-publish","has-post-thumbnail","hentry"],"acf":[],"yoast_head":"<!-- This site is optimized with the Yoast SEO plugin v26.7 - https:\/\/yoast.com\/wordpress\/plugins\/seo\/ -->\n<title>FOREST ROADS - Valstybini\u0173 mi\u0161k\u0173 ur\u0117dija<\/title>\n<meta name=\"robots\" content=\"index, follow, max-snippet:-1, max-image-preview:large, max-video-preview:-1\" \/>\n<link rel=\"canonical\" href=\"https:\/\/vmu.lt\/en\/forestry\/logging\/forest-roads\/\" \/>\n<meta property=\"og:locale\" content=\"en_US\" \/>\n<meta property=\"og:type\" content=\"article\" \/>\n<meta property=\"og:title\" content=\"FOREST ROADS - Valstybini\u0173 mi\u0161k\u0173 ur\u0117dija\" \/>\n<meta property=\"og:url\" content=\"https:\/\/vmu.lt\/en\/forestry\/logging\/forest-roads\/\" \/>\n<meta property=\"og:site_name\" content=\"Valstybini\u0173 mi\u0161k\u0173 ur\u0117dija\" \/>\n<meta property=\"article:modified_time\" content=\"2024-09-18T06:59:29+00:00\" \/>\n<meta property=\"og:image\" content=\"https:\/\/vmu.lt\/wp-content\/uploads\/2021\/09\/AB_mis\u030cke_15-1-1024x423.png\" \/>\n\t<meta property=\"og:image:width\" content=\"1024\" \/>\n\t<meta property=\"og:image:height\" content=\"423\" \/>\n\t<meta property=\"og:image:type\" content=\"image\/png\" \/>\n<meta name=\"twitter:card\" content=\"summary_large_image\" \/>\n<meta name=\"twitter:label1\" content=\"Est. reading time\" \/>\n\t<meta name=\"twitter:data1\" content=\"1 minute\" \/>\n<script type=\"application\/ld+json\" class=\"yoast-schema-graph\">{\"@context\":\"https:\/\/schema.org\",\"@graph\":[{\"@type\":\"WebPage\",\"@id\":\"https:\/\/vmu.lt\/en\/forestry\/logging\/forest-roads\/\",\"url\":\"https:\/\/vmu.lt\/en\/forestry\/logging\/forest-roads\/\",\"name\":\"FOREST ROADS - Valstybini\u0173 mi\u0161k\u0173 ur\u0117dija\",\"isPartOf\":{\"@id\":\"https:\/\/vmu.lt\/#website\"},\"primaryImageOfPage\":{\"@id\":\"https:\/\/vmu.lt\/en\/forestry\/logging\/forest-roads\/#primaryimage\"},\"image\":{\"@id\":\"https:\/\/vmu.lt\/en\/forestry\/logging\/forest-roads\/#primaryimage\"},\"thumbnailUrl\":\"https:\/\/vmu.lt\/wp-content\/uploads\/2021\/09\/AB_mis\u030cke_15-1.png\",\"datePublished\":\"2021-09-10T07:16:00+00:00\",\"dateModified\":\"2024-09-18T06:59:29+00:00\",\"breadcrumb\":{\"@id\":\"https:\/\/vmu.lt\/en\/forestry\/logging\/forest-roads\/#breadcrumb\"},\"inLanguage\":\"en-US\",\"potentialAction\":[{\"@type\":\"ReadAction\",\"target\":[\"https:\/\/vmu.lt\/en\/forestry\/logging\/forest-roads\/\"]}]},{\"@type\":\"ImageObject\",\"inLanguage\":\"en-US\",\"@id\":\"https:\/\/vmu.lt\/en\/forestry\/logging\/forest-roads\/#primaryimage\",\"url\":\"https:\/\/vmu.lt\/wp-content\/uploads\/2021\/09\/AB_mis\u030cke_15-1.png\",\"contentUrl\":\"https:\/\/vmu.lt\/wp-content\/uploads\/2021\/09\/AB_mis\u030cke_15-1.png\",\"width\":2880,\"height\":1190,\"caption\":\"Lorem inspum\"},{\"@type\":\"BreadcrumbList\",\"@id\":\"https:\/\/vmu.lt\/en\/forestry\/logging\/forest-roads\/#breadcrumb\",\"itemListElement\":[{\"@type\":\"ListItem\",\"position\":1,\"name\":\"Forestry\",\"item\":\"https:\/\/vmu.lt\/en\/forestry\/\"},{\"@type\":\"ListItem\",\"position\":2,\"name\":\"Logging\",\"item\":\"https:\/\/vmu.lt\/en\/forestry\/logging\/\"},{\"@type\":\"ListItem\",\"position\":3,\"name\":\"FOREST ROADS\"}]},{\"@type\":\"WebSite\",\"@id\":\"https:\/\/vmu.lt\/#website\",\"url\":\"https:\/\/vmu.lt\/\",\"name\":\"Valstybini\u0173 mi\u0161k\u0173 ur\u0117dija\",\"description\":\"\",\"publisher\":{\"@id\":\"https:\/\/vmu.lt\/#organization\"},\"potentialAction\":[{\"@type\":\"SearchAction\",\"target\":{\"@type\":\"EntryPoint\",\"urlTemplate\":\"https:\/\/vmu.lt\/?s={search_term_string}\"},\"query-input\":{\"@type\":\"PropertyValueSpecification\",\"valueRequired\":true,\"valueName\":\"search_term_string\"}}],\"inLanguage\":\"en-US\"},{\"@type\":\"Organization\",\"@id\":\"https:\/\/vmu.lt\/#organization\",\"name\":\"Valstybini\u0173 mi\u0161k\u0173 ur\u0117dija\",\"url\":\"https:\/\/vmu.lt\/\",\"logo\":{\"@type\":\"ImageObject\",\"inLanguage\":\"en-US\",\"@id\":\"https:\/\/vmu.lt\/#\/schema\/logo\/image\/\",\"url\":\"https:\/\/vmu.lt\/wp-content\/uploads\/2021\/05\/Logo.svg\",\"contentUrl\":\"https:\/\/vmu.lt\/wp-content\/uploads\/2021\/05\/Logo.svg\",\"width\":94,\"height\":44,\"caption\":\"Valstybini\u0173 mi\u0161k\u0173 ur\u0117dija\"},\"image\":{\"@id\":\"https:\/\/vmu.lt\/#\/schema\/logo\/image\/\"}}]}<\/script>\n<!-- \/ Yoast SEO plugin. -->","yoast_head_json":{"title":"FOREST ROADS - Valstybini\u0173 mi\u0161k\u0173 ur\u0117dija","robots":{"index":"index","follow":"follow","max-snippet":"max-snippet:-1","max-image-preview":"max-image-preview:large","max-video-preview":"max-video-preview:-1"},"canonical":"https:\/\/vmu.lt\/en\/forestry\/logging\/forest-roads\/","og_locale":"en_US","og_type":"article","og_title":"FOREST ROADS - Valstybini\u0173 mi\u0161k\u0173 ur\u0117dija","og_url":"https:\/\/vmu.lt\/en\/forestry\/logging\/forest-roads\/","og_site_name":"Valstybini\u0173 mi\u0161k\u0173 ur\u0117dija","article_modified_time":"2024-09-18T06:59:29+00:00","og_image":[{"width":1024,"height":423,"url":"https:\/\/vmu.lt\/wp-content\/uploads\/2021\/09\/AB_mis\u030cke_15-1-1024x423.png","type":"image\/png"}],"twitter_card":"summary_large_image","twitter_misc":{"Est. reading time":"1 minute"},"schema":{"@context":"https:\/\/schema.org","@graph":[{"@type":"WebPage","@id":"https:\/\/vmu.lt\/en\/forestry\/logging\/forest-roads\/","url":"https:\/\/vmu.lt\/en\/forestry\/logging\/forest-roads\/","name":"FOREST ROADS - Valstybini\u0173 mi\u0161k\u0173 ur\u0117dija","isPartOf":{"@id":"https:\/\/vmu.lt\/#website"},"primaryImageOfPage":{"@id":"https:\/\/vmu.lt\/en\/forestry\/logging\/forest-roads\/#primaryimage"},"image":{"@id":"https:\/\/vmu.lt\/en\/forestry\/logging\/forest-roads\/#primaryimage"},"thumbnailUrl":"https:\/\/vmu.lt\/wp-content\/uploads\/2021\/09\/AB_mis\u030cke_15-1.png","datePublished":"2021-09-10T07:16:00+00:00","dateModified":"2024-09-18T06:59:29+00:00","breadcrumb":{"@id":"https:\/\/vmu.lt\/en\/forestry\/logging\/forest-roads\/#breadcrumb"},"inLanguage":"en-US","potentialAction":[{"@type":"ReadAction","target":["https:\/\/vmu.lt\/en\/forestry\/logging\/forest-roads\/"]}]},{"@type":"ImageObject","inLanguage":"en-US","@id":"https:\/\/vmu.lt\/en\/forestry\/logging\/forest-roads\/#primaryimage","url":"https:\/\/vmu.lt\/wp-content\/uploads\/2021\/09\/AB_mis\u030cke_15-1.png","contentUrl":"https:\/\/vmu.lt\/wp-content\/uploads\/2021\/09\/AB_mis\u030cke_15-1.png","width":2880,"height":1190,"caption":"Lorem inspum"},{"@type":"BreadcrumbList","@id":"https:\/\/vmu.lt\/en\/forestry\/logging\/forest-roads\/#breadcrumb","itemListElement":[{"@type":"ListItem","position":1,"name":"Forestry","item":"https:\/\/vmu.lt\/en\/forestry\/"},{"@type":"ListItem","position":2,"name":"Logging","item":"https:\/\/vmu.lt\/en\/forestry\/logging\/"},{"@type":"ListItem","position":3,"name":"FOREST ROADS"}]},{"@type":"WebSite","@id":"https:\/\/vmu.lt\/#website","url":"https:\/\/vmu.lt\/","name":"Valstybini\u0173 mi\u0161k\u0173 ur\u0117dija","description":"","publisher":{"@id":"https:\/\/vmu.lt\/#organization"},"potentialAction":[{"@type":"SearchAction","target":{"@type":"EntryPoint","urlTemplate":"https:\/\/vmu.lt\/?s={search_term_string}"},"query-input":{"@type":"PropertyValueSpecification","valueRequired":true,"valueName":"search_term_string"}}],"inLanguage":"en-US"},{"@type":"Organization","@id":"https:\/\/vmu.lt\/#organization","name":"Valstybini\u0173 mi\u0161k\u0173 ur\u0117dija","url":"https:\/\/vmu.lt\/","logo":{"@type":"ImageObject","inLanguage":"en-US","@id":"https:\/\/vmu.lt\/#\/schema\/logo\/image\/","url":"https:\/\/vmu.lt\/wp-content\/uploads\/2021\/05\/Logo.svg","contentUrl":"https:\/\/vmu.lt\/wp-content\/uploads\/2021\/05\/Logo.svg","width":94,"height":44,"caption":"Valstybini\u0173 mi\u0161k\u0173 ur\u0117dija"},"image":{"@id":"https:\/\/vmu.lt\/#\/schema\/logo\/image\/"}}]}},"_links":{"self":[{"href":"https:\/\/vmu.lt\/en\/wp-json\/wp\/v2\/pages\/18806","targetHints":{"allow":["GET"]}}],"collection":[{"href":"https:\/\/vmu.lt\/en\/wp-json\/wp\/v2\/pages"}],"about":[{"href":"https:\/\/vmu.lt\/en\/wp-json\/wp\/v2\/types\/page"}],"author":[{"embeddable":true,"href":"https:\/\/vmu.lt\/en\/wp-json\/wp\/v2\/users\/176"}],"replies":[{"embeddable":true,"href":"https:\/\/vmu.lt\/en\/wp-json\/wp\/v2\/comments?post=18806"}],"version-history":[{"count":15,"href":"https:\/\/vmu.lt\/en\/wp-json\/wp\/v2\/pages\/18806\/revisions"}],"predecessor-version":[{"id":205860,"href":"https:\/\/vmu.lt\/en\/wp-json\/wp\/v2\/pages\/18806\/revisions\/205860"}],"up":[{"embeddable":true,"href":"https:\/\/vmu.lt\/en\/wp-json\/wp\/v2\/pages\/195791"}],"wp:featuredmedia":[{"embeddable":true,"href":"https:\/\/vmu.lt\/en\/wp-json\/wp\/v2\/media\/18807"}],"wp:attachment":[{"href":"https:\/\/vmu.lt\/en\/wp-json\/wp\/v2\/media?parent=18806"}],"curies":[{"name":"wp","href":"https:\/\/api.w.org\/{rel}","templated":true}]}}